{"id":315368,"date":"2023-10-26T11:22:27","date_gmt":"2023-10-26T09:22:27","guid":{"rendered":"https:\/\/community.bancaetica.it\/login\/"},"modified":"2024-01-25T10:48:23","modified_gmt":"2024-01-25T09:48:23","slug":"login","status":"publish","type":"page","link":"https:\/\/community.bancaetica.it\/es\/login\/","title":{"rendered":"Login"},"content":{"rendered":"\n<div class=\"wp-block-group has-yellow-background-color has-background\"><div class=\"wp-block-group__inner-container is-layout-flow wp-block-group-is-layout-flow\">\n<div style=\"height:20px\" aria-hidden=\"true\" class=\"wp-block-spacer\"><\/div>\n\n\n\n<div class=\"wrapper-crispybacon-class wrapper-crispybacon-class-large \">\n    \n\n<p>A partir del 6 de noviembre de 2023, si tu documento de identidad y\/o cuestionario de verificaci\u00f3n adecuado han caducado, se bloquear\u00e1 el funcionamiento del \u00c1rea Cliente y se te pedir\u00e1 que proceda inmediatamente a la actualizaci\u00f3n.<\/p>\n\n\n\n<p><a href=\"\/faq\/\" target=\"_blank\" rel=\"noreferrer noopener\">Descubre c\u00f3mo mantener tus datos actualizados.<\/a><\/p>\n\n\n<\/div>\n\n\n<div style=\"height:20px\" aria-hidden=\"true\" class=\"wp-block-spacer\"><\/div>\n<\/div><\/div>\n\n\n\n<div class=\"block-83-accordion-wrapper login-accordion\">\n    \n\n<div class=\"block-84-accordion-left login-accordion__wrapper\">\n    <div class=\"block-84-accordion-left__title\">\n        <span class=\"block-85-accordion-right__title-label\">\u00bfQuieres acceder a tu Banca Online?<\/span> <span class=\"block-84-accordion-left__toggle login-accordion__toggler\"><i class=\"icon-circle-accordion\"><\/i><\/span>\n    <\/div>\n    <div class=\"block-84-accordion-left__content login-accordion__content\">\n        <div class=\"block-84-accordion-left__subtitle\"><\/div>\n        \n\n<p>\u00a1ADVERTENCIA! No comuniques nunca tus c\u00f3digos de acceso a la banca por Internet.<br>Nadie de Banca Etica te pedir\u00e1 que realices operaciones en la cuenta. <a href=\"https:\/\/www.fiarebancaetica.coop\/prodotti\/seguridad\/\" target=\"_blank\" rel=\"noreferrer noopener\">M\u00e1s informaci\u00f3n<\/a>.<\/p>\n\n\n\n<div class=\"wp-block-bancaetica-blocks-blocks-block-10\"><div class=\"container-block container-block-frontend\"><div class=\"container-card\"><div class=\"three-columns\"><div class=\"col1\"><img decoding=\"async\" src=\"https:\/\/www.bancaetica.it\/app\/uploads\/2021\/11\/Cliente.png\" alt=\"Cliente\" \/><\/div><div class=\"col2\"><div class=\"wrapper-text-button wrapper-text-button-editor\"><div class=\"wrapper-text wrapper-text-editor\"><h3 class=\"section-title\">\u00c1rea Cliente<\/h3><\/div><\/div><\/div><\/div><div class=\"last-content\"><p class=\"text\">Para un uso \u00f3ptimo del \u00c1rea Cliente <a href=\"https:\/\/assets.bancaetica.it\/Guide\/BE-Manuale-Area-Clienti-Imprese-Organizzazioni.pdf\" target=\"_blank\" rel=\"noreferrer noopener\">descarga el manual<\/a><\/p><\/div><\/div><\/div><\/div>\n\n\n\n<div style=\"height:30px\" aria-hidden=\"true\" class=\"wp-block-spacer\"><\/div>\n\n\n\n<div class=\"wrapper-crispybacon-class wrapper-crispybacon-class-wide \">\n    \n\n<div class=\"wp-block-columns is-layout-flex wp-container-core-columns-is-layout-9d6595d7 wp-block-columns-is-layout-flex\">\n<div class=\"wp-block-column is-layout-flow wp-block-column-is-layout-flow\">\n<div class=\"wp-block-columns is-layout-flex wp-container-core-columns-is-layout-9d6595d7 wp-block-columns-is-layout-flex\">\n<div class=\"wp-block-column is-layout-flow wp-block-column-is-layout-flow\">\n<div class=\"wp-block-buttons is-content-justification-center is-layout-flex wp-block-buttons-is-layout-flex\">\n<div class=\"wp-block-button\"><a class=\"wp-block-button__link has-blue-background-color has-background\" href=\"https:\/\/accesoclientes.fiarebancaetica.coop\/isum\/services\/redirect_acceso.jsp?url=https:\/\/accesoclientes.fiarebancaetica.coop\/isum\/Main?ISUM_SCR=login&amp;loginType=accesoSeguro&amp;ISUM_Portal=99&amp;acceso_idioma=es_ES&amp;_ga=2.35144610.20843215.1705317991-209310603.1695726893\" style=\"border-radius:50px\">CASTELLANO<\/a><\/div>\n<\/div>\n<\/div>\n\n\n\n<div class=\"wp-block-column is-layout-flow wp-block-column-is-layout-flow\">\n<div class=\"wp-block-buttons is-content-justification-center is-layout-flex wp-block-buttons-is-layout-flex\">\n<div class=\"wp-block-button\"><a class=\"wp-block-button__link has-blue-background-color has-background\" href=\"https:\/\/accesoclientes.fiarebancaetica.coop\/isum\/services\/redirect_acceso.jsp?url=https:\/\/accesoclientes.fiarebancaetica.coop\/isum\/Main?ISUM_SCR=login&amp;loginType=accesoSeguro&amp;ISUM_Portal=99&amp;acceso_idioma=ca_ES&amp;_ga=2.35144610.20843215.1705317991-209310603.1695726893\" style=\"border-radius:50px\">CATAL\u00c0<\/a><\/div>\n<\/div>\n<\/div>\n<\/div>\n<\/div>\n\n\n\n<div class=\"wp-block-column is-layout-flow wp-block-column-is-layout-flow\">\n<div class=\"wp-block-columns is-layout-flex wp-container-core-columns-is-layout-9d6595d7 wp-block-columns-is-layout-flex\">\n<div class=\"wp-block-column is-layout-flow wp-block-column-is-layout-flow\">\n<div class=\"wp-block-buttons is-content-justification-center is-layout-flex wp-block-buttons-is-layout-flex\">\n<div class=\"wp-block-button is-style-fill\"><a class=\"wp-block-button__link has-blue-background-color has-background\" href=\"https:\/\/accesoclientes.fiarebancaetica.coop\/isum\/services\/redirect_acceso.jsp?url=https:\/\/accesoclientes.fiarebancaetica.coop\/isum\/Main?ISUM_SCR=login&amp;loginType=accesoSeguro&amp;ISUM_Portal=99&amp;acceso_idioma=eu_ES&amp;_ga=2.35144610.20843215.1705317991-209310603.1695726893\" style=\"border-radius:50px\">EUSKARA<\/a><\/div>\n<\/div>\n<\/div>\n\n\n\n<div class=\"wp-block-column is-layout-flow wp-block-column-is-layout-flow\">\n<div class=\"wp-block-buttons is-content-justification-center is-layout-flex wp-block-buttons-is-layout-flex\">\n<div class=\"wp-block-button is-style-fill\"><a class=\"wp-block-button__link has-white-color has-blue-background-color has-text-color has-background\" href=\"https:\/\/accesoclientes.fiarebancaetica.coop\/isum\/services\/redirect_acceso.jsp?url=https:\/\/accesoclientes.fiarebancaetica.coop\/isum\/Main?ISUM_SCR=login&amp;loginType=accesoSeguro&amp;ISUM_Portal=99&amp;acceso_idioma=gl_ES&amp;_ga=2.210535318.20843215.1705317991-209310603.1695726893\" style=\"border-radius:50px\">GALEGO<\/a><\/div>\n<\/div>\n<\/div>\n<\/div>\n<\/div>\n<\/div>\n\n\n<\/div>\n\n\n<h3 class=\"mb-0 wp-block-heading\">\u00bfNecesitas ayuda?<\/h3>\n\n\n\n<p>Si tiene dudas, llama a nuestro servicio de Atenci\u00f3n al Cliente&nbsp;<strong>900 897 963 | <\/strong>91 334 6782 (bloqueo tarjetas).<\/p>\n\n\n    <\/div>\n<\/div>\n\n\n\n<div class=\"block-85-accordion-right login-accordion__wrapper \">\n        <div class=\"block-85-accordion-right__title\">\n        <span class=\"block-85-accordion-right__title-label\">\u00bfQuieres utilizar los dem\u00e1s servicios del sitio?<\/span> <span class=\"block-85-accordion-right__toggle login-accordion__toggler\"><i class=\"icon-circle-accordion\"><\/i><\/span>\n    <\/div>\n    <div class=\"block-85-accordion-right__content login-accordion__content\">\n        \n                    <div class=\"block-85-accordion-right__subtitle\">Con\u00e9ctate o reg\u00edstrate para entrar en su espacio personalizado, debatir en la comunidad, y mucho m\u00e1s&#8230;<\/div>\n        \n        <a href=\"#\" class=\"btn-white dynamic-login-button block-85-accordion-right__button block-85-accordion-right__button--login\" data-sso-only=\"true\">Participa<\/a>\n\n        <div class=\"block-85-accordion-right__separator\"><\/div>\n\n                    <div class=\"block-85-accordion-right__registration-title\">\u00bfTodav\u00eda no tienes las nuevas credenciales?<\/div>\n        \n                    <div class=\"block-85-accordion-right__registration-subtitle\">Introduce tu DNI y elige tu contrase\u00f1a, te enviaremos las credenciales por correo electr\u00f3nico<\/div>\n        \n        <a href=\"#\" class=\"dynamic-register-button block-85-accordion-right__button block-85-accordion-right__button--register\">Reg\u00edstrate<\/a>\n        \n\n<p><\/p>\n\n\n    <\/div>\n<\/div>\n\n\n<\/div>\n\n<script>\n    jQuery(document).ready(function($) {\n        if ($('.login-accordion__toggler').length) {\n            $('.login-accordion').on('click', '.login-accordion__toggler', function() {\n                $(this).closest('.login-accordion__wrapper').find('.login-accordion__content').slideToggle('slow');\n            });\n        }\n    });\n<\/script>\n\n\n\n        <div class=\"wp-block-bancaetica-blocks-blocks-block-02 \" style=\"background-color: #eaeaea;\">\n            <div class=\"container-block\">\n                <h3 class=\"section-content\" style=\"text-align: ;\">\n                    \u00bfNo sabes c\u00f3mo?                <\/h3>\n                <p class=\"section-paragraph\" style=\"text-align: ;\">\n                    Hemos recopilado las preguntas m\u00e1s frecuentes para ayudarte a registrarte y acceder al sitio.                <\/p>\n                                <div class=\"cta btn-bg-blue with-margin\" style=\"background-color: #003087; border: none;\">\n                    <a href=\"\/faq\/\" target=\"_blank\" rel=\"noreferrer noopener\">LEE LAS FAQ<\/a>                <\/div>\n                            <\/div>\n        <\/div>\n\n        ","protected":false},"excerpt":{"rendered":"","protected":false},"author":20,"featured_media":0,"parent":0,"menu_order":0,"comment_status":"closed","ping_status":"closed","template":"","meta":{"_acf_changed":false,"_bbp_topic_count":0,"_bbp_reply_count":0,"_bbp_total_topic_count":0,"_bbp_total_reply_count":0,"_bbp_voice_count":0,"_bbp_anonymous_reply_count":0,"_bbp_topic_count_hidden":0,"_bbp_reply_count_hidden":0,"_bbp_forum_subforum_count":0,"footnotes":""},"coauthors":[],"class_list":["post-315368","page","type-page","status-publish","hentry","crispybacon-hidden-page-title"],"acf":[],"yoast_head":"<!-- This site is optimized with the Yoast SEO plugin v26.9 - https:\/\/yoast.com\/product\/yoast-seo-wordpress\/ -->\n<title>Login - Community<\/title>\n<meta name=\"robots\" content=\"index, follow, max-snippet:-1, max-image-preview:large, max-video-preview:-1\" \/>\n<link rel=\"canonical\" href=\"https:\/\/community.bancaetica.it\/login\/\" \/>\n<meta property=\"og:locale\" content=\"es_ES\" \/>\n<meta property=\"og:type\" content=\"article\" \/>\n<meta property=\"og:title\" content=\"Login - Community\" \/>\n<meta property=\"og:url\" content=\"https:\/\/community.bancaetica.it\/login\/\" \/>\n<meta property=\"og:site_name\" content=\"Community\" \/>\n<meta property=\"article:modified_time\" content=\"2024-01-25T09:48:23+00:00\" \/>\n<meta property=\"og:image\" content=\"https:\/\/www.bancaetica.it\/app\/uploads\/2021\/11\/Cliente.png\" \/>\n<meta name=\"twitter:card\" content=\"summary_large_image\" \/>\n<script type=\"application\/ld+json\" class=\"yoast-schema-graph\">{\"@context\":\"https:\/\/schema.org\",\"@graph\":[{\"@type\":\"WebPage\",\"@id\":\"https:\/\/community.bancaetica.it\/login\/\",\"url\":\"https:\/\/community.bancaetica.it\/login\/\",\"name\":\"Login - Community\",\"isPartOf\":{\"@id\":\"https:\/\/community.bancaetica.it\/#website\"},\"primaryImageOfPage\":{\"@id\":\"https:\/\/community.bancaetica.it\/login\/#primaryimage\"},\"image\":{\"@id\":\"https:\/\/community.bancaetica.it\/login\/#primaryimage\"},\"thumbnailUrl\":\"https:\/\/www.bancaetica.it\/app\/uploads\/2021\/11\/Cliente.png\",\"datePublished\":\"2023-10-26T09:22:27+00:00\",\"dateModified\":\"2024-01-25T09:48:23+00:00\",\"breadcrumb\":{\"@id\":\"https:\/\/community.bancaetica.it\/login\/#breadcrumb\"},\"inLanguage\":\"es\",\"potentialAction\":[{\"@type\":\"ReadAction\",\"target\":[\"https:\/\/community.bancaetica.it\/login\/\"]}]},{\"@type\":\"ImageObject\",\"inLanguage\":\"es\",\"@id\":\"https:\/\/community.bancaetica.it\/login\/#primaryimage\",\"url\":\"https:\/\/www.bancaetica.it\/app\/uploads\/2021\/11\/Cliente.png\",\"contentUrl\":\"https:\/\/www.bancaetica.it\/app\/uploads\/2021\/11\/Cliente.png\"},{\"@type\":\"BreadcrumbList\",\"@id\":\"https:\/\/community.bancaetica.it\/login\/#breadcrumb\",\"itemListElement\":[{\"@type\":\"ListItem\",\"position\":1,\"name\":\"Home\",\"item\":\"https:\/\/community.bancaetica.it\/community\/\"},{\"@type\":\"ListItem\",\"position\":2,\"name\":\"Login\"}]},{\"@type\":\"WebSite\",\"@id\":\"https:\/\/community.bancaetica.it\/#website\",\"url\":\"https:\/\/community.bancaetica.it\/\",\"name\":\"Community\",\"description\":\"\",\"potentialAction\":[{\"@type\":\"SearchAction\",\"target\":{\"@type\":\"EntryPoint\",\"urlTemplate\":\"https:\/\/community.bancaetica.it\/?s={search_term_string}\"},\"query-input\":{\"@type\":\"PropertyValueSpecification\",\"valueRequired\":true,\"valueName\":\"search_term_string\"}}],\"inLanguage\":\"es\"}]}<\/script>\n<!-- \/ Yoast SEO plugin. -->","yoast_head_json":{"title":"Login - Community","robots":{"index":"index","follow":"follow","max-snippet":"max-snippet:-1","max-image-preview":"max-image-preview:large","max-video-preview":"max-video-preview:-1"},"canonical":"https:\/\/community.bancaetica.it\/login\/","og_locale":"es_ES","og_type":"article","og_title":"Login - Community","og_url":"https:\/\/community.bancaetica.it\/login\/","og_site_name":"Community","article_modified_time":"2024-01-25T09:48:23+00:00","og_image":[{"url":"https:\/\/www.bancaetica.it\/app\/uploads\/2021\/11\/Cliente.png","type":"","width":"","height":""}],"twitter_card":"summary_large_image","schema":{"@context":"https:\/\/schema.org","@graph":[{"@type":"WebPage","@id":"https:\/\/community.bancaetica.it\/login\/","url":"https:\/\/community.bancaetica.it\/login\/","name":"Login - Community","isPartOf":{"@id":"https:\/\/community.bancaetica.it\/#website"},"primaryImageOfPage":{"@id":"https:\/\/community.bancaetica.it\/login\/#primaryimage"},"image":{"@id":"https:\/\/community.bancaetica.it\/login\/#primaryimage"},"thumbnailUrl":"https:\/\/www.bancaetica.it\/app\/uploads\/2021\/11\/Cliente.png","datePublished":"2023-10-26T09:22:27+00:00","dateModified":"2024-01-25T09:48:23+00:00","breadcrumb":{"@id":"https:\/\/community.bancaetica.it\/login\/#breadcrumb"},"inLanguage":"es","potentialAction":[{"@type":"ReadAction","target":["https:\/\/community.bancaetica.it\/login\/"]}]},{"@type":"ImageObject","inLanguage":"es","@id":"https:\/\/community.bancaetica.it\/login\/#primaryimage","url":"https:\/\/www.bancaetica.it\/app\/uploads\/2021\/11\/Cliente.png","contentUrl":"https:\/\/www.bancaetica.it\/app\/uploads\/2021\/11\/Cliente.png"},{"@type":"BreadcrumbList","@id":"https:\/\/community.bancaetica.it\/login\/#breadcrumb","itemListElement":[{"@type":"ListItem","position":1,"name":"Home","item":"https:\/\/community.bancaetica.it\/community\/"},{"@type":"ListItem","position":2,"name":"Login"}]},{"@type":"WebSite","@id":"https:\/\/community.bancaetica.it\/#website","url":"https:\/\/community.bancaetica.it\/","name":"Community","description":"","potentialAction":[{"@type":"SearchAction","target":{"@type":"EntryPoint","urlTemplate":"https:\/\/community.bancaetica.it\/?s={search_term_string}"},"query-input":{"@type":"PropertyValueSpecification","valueRequired":true,"valueName":"search_term_string"}}],"inLanguage":"es"}]}},"_links":{"self":[{"href":"https:\/\/community.bancaetica.it\/es\/wp-json\/wp\/v2\/pages\/315368","targetHints":{"allow":["GET"]}}],"collection":[{"href":"https:\/\/community.bancaetica.it\/es\/wp-json\/wp\/v2\/pages"}],"about":[{"href":"https:\/\/community.bancaetica.it\/es\/wp-json\/wp\/v2\/types\/page"}],"author":[{"embeddable":true,"href":"https:\/\/community.bancaetica.it\/es\/wp-json\/wp\/v2\/users\/20"}],"replies":[{"embeddable":true,"href":"https:\/\/community.bancaetica.it\/es\/wp-json\/wp\/v2\/comments?post=315368"}],"version-history":[{"count":1,"href":"https:\/\/community.bancaetica.it\/es\/wp-json\/wp\/v2\/pages\/315368\/revisions"}],"predecessor-version":[{"id":315517,"href":"https:\/\/community.bancaetica.it\/es\/wp-json\/wp\/v2\/pages\/315368\/revisions\/315517"}],"wp:attachment":[{"href":"https:\/\/community.bancaetica.it\/es\/wp-json\/wp\/v2\/media?parent=315368"}],"wp:term":[{"taxonomy":"author","embeddable":true,"href":"https:\/\/community.bancaetica.it\/es\/wp-json\/wp\/v2\/coauthors?post=315368"}],"curies":[{"name":"wp","href":"https:\/\/api.w.org\/{rel}","templated":true}]}}